{"id":16,"date":"2024-11-25T07:20:56","date_gmt":"2024-11-25T07:20:56","guid":{"rendered":"https:\/\/infralligence.com\/contact\/"},"modified":"2025-04-03T05:57:29","modified_gmt":"2025-04-03T05:57:29","slug":"contact","status":"publish","type":"page","link":"https:\/\/infralligence.com\/pl\/contact\/","title":{"rendered":"Kontakt"},"content":{"rendered":"<div data-elementor-type=\"wp-page\" data-elementor-id=\"16\" class=\"elementor elementor-16\">\n\t\t\t\t<div class=\"elementor-element elementor-element-d3b9bf1 e-flex e-con-boxed rael-particle-no e-con e-parent\" data-id=\"d3b9bf1\" data-element_type=\"container\" data-e-type=\"container\" data-settings=\"{&quot;background_background&quot;:&quot;classic&quot;}\">\n\t\t\t\t\t<div class=\"e-con-inner\">\n\t\t<div class=\"elementor-element elementor-element-3f4eab4 e-con-full e-flex rael-particle-no e-con e-child\" data-id=\"3f4eab4\" data-element_type=\"container\" data-e-type=\"container\" data-settings=\"{&quot;background_background&quot;:&quot;classic&quot;}\">\n\t\t\t\t<div class=\"elementor-element elementor-element-27d094d elementor-widget elementor-widget-heading\" data-id=\"27d094d\" data-element_type=\"widget\" data-e-type=\"widget\" data-widget_type=\"heading.default\">\n\t\t\t\t<div class=\"elementor-widget-container\">\n\t\t\t\t\t<h2 class=\"elementor-heading-title elementor-size-default\">Kontakt<\/h2>\t\t\t\t<\/div>\n\t\t\t\t<\/div>\n\t\t\t\t<div class=\"elementor-element elementor-element-625c9ee elementor-widget elementor-widget-text-editor\" data-id=\"625c9ee\" data-element_type=\"widget\" data-e-type=\"widget\" data-widget_type=\"text-editor.default\">\n\t\t\t\t<div class=\"elementor-widget-container\">\n\t\t\t\t\t\t\t\t\t<p class=\"translation-block\"><strong><span style=\"text-decoration: underline\">Twoja<\/span>\u00a0firma <\/strong>budowlana mo\u017ce by\u0107 <strong>lepsza<br><\/strong> z <span class=\"kk-color-primary\"><strong>Cyfrow\u0105 Automatyzacj\u0105 <\/strong><\/span>i <span class=\"kk-color-ornament\"><strong>AI<\/strong><\/span>.<\/div>\n\t\t\t\t<\/div>\n\t\t\t\t<div class=\"elementor-element elementor-element-59218f7 elementor-widget-divider--view-line elementor-widget elementor-widget-divider\" data-id=\"59218f7\" data-element_type=\"widget\" data-e-type=\"widget\" data-widget_type=\"divider.default\">\n\t\t\t\t<div class=\"elementor-widget-container\">\n\t\t\t\t\t\t\t<div class=\"elementor-divider\">\n\t\t\t<span class=\"elementor-divider-separator\">\n\t\t\t\t\t\t<\/span>\n\t\t<\/div>\n\t\t\t\t\t\t<\/div>\n\t\t\t\t<\/div>\n\t\t\t\t<div class=\"elementor-element elementor-element-bce9996 elementor-widget elementor-widget-text-editor\" data-id=\"bce9996\" data-element_type=\"widget\" data-e-type=\"widget\" data-widget_type=\"text-editor.default\">\n\t\t\t\t<div class=\"elementor-widget-container\">\n\t\t\t\t\t\t\t\t\t<div>\n<p>\u2192 Szukasz pomys\u0142\u00f3w?<\/p>\n<p><strong>Ch\u0119tnie porozmawiamy o twojej firmie i je zaproponujemy.<\/strong><\/p>\n<\/div>\t\t\t\t\t\t\t\t<\/div>\n\t\t\t\t<\/div>\n\t\t\t\t<div class=\"elementor-element elementor-element-3b89b3b elementor-widget elementor-widget-text-editor\" data-id=\"3b89b3b\" data-element_type=\"widget\" data-e-type=\"widget\" data-widget_type=\"text-editor.default\">\n\t\t\t\t<div class=\"elementor-widget-container\">\n\t\t\t\t\t\t\t\t\t<div>\u2192 Masz ju\u017c pomys\u0142?<\/div>\n<div><b>Mo\u017cemy pom\u00f3c Ci w implementacji.<\/b><\/div>\t\t\t\t\t\t\t\t<\/div>\n\t\t\t\t<\/div>\n\t\t\t\t<\/div>\n\t\t<div class=\"elementor-element elementor-element-4bc6863 e-con-full e-flex rael-particle-no e-con e-child\" data-id=\"4bc6863\" data-element_type=\"container\" data-e-type=\"container\">\n\t\t\t\t<div class=\"elementor-element elementor-element-774145a elementor-widget elementor-widget-wpforms\" data-id=\"774145a\" data-element_type=\"widget\" data-e-type=\"widget\" data-widget_type=\"wpforms.default\">\n\t\t\t\t<div class=\"elementor-widget-container\">\n\t\t\t\t\t<div class=\"wpforms-container\" id=\"wpforms-1906\"><form id=\"wpforms-form-1906\" class=\"wpforms-validate wpforms-form wpforms-ajax-form\" data-formid=\"1906\" method=\"post\" enctype=\"multipart\/form-data\" action=\"\/pl\/wp-json\/wp\/v2\/pages\/16\" data-token=\"c2a3918353f3115b9ec3cb44e361cf01\" data-token-time=\"1778685807\" data-trp-original-action=\"\/pl\/wp-json\/wp\/v2\/pages\/16\"><noscript class=\"wpforms-error-noscript\">Aby wype\u0142ni\u0107 ten formularz, w\u0142\u0105cz obs\u0142ug\u0119 JavaScript w przegl\u0105darce.<\/noscript><div class=\"wpforms-field-container\"><div id=\"wpforms-1906-field_1-container\" class=\"wpforms-field wpforms-field-name\" data-field-id=\"1\"><label class=\"wpforms-field-label\" for=\"wpforms-1906-field_1\">Imi\u0119 (opcjonalnie)<\/label><input type=\"text\" id=\"wpforms-1906-field_1\" class=\"wpforms-field-medium\" name=\"wpforms[fields][1]\" ><\/div><div id=\"wpforms-1906-field_2-container\" class=\"wpforms-field wpforms-field-email\" data-field-id=\"2\"><label class=\"wpforms-field-label\" for=\"wpforms-1906-field_2\">Adres Email <span class=\"wpforms-required-label\">*<\/span><\/label><input type=\"email\" id=\"wpforms-1906-field_2\" class=\"wpforms-field-medium wpforms-field-required\" name=\"wpforms[fields][2]\" spellcheck=\"false\" required><\/div>\t\t<div id=\"wpforms-1906-field_4-container\"\n\t\t\tclass=\"wpforms-field wpforms-field-text\"\n\t\t\tdata-field-type=\"text\"\n\t\t\tdata-field-id=\"4\"\n\t\t\t>\n\t\t\t<label class=\"wpforms-field-label\" for=\"wpforms-1906-field_4\" >Email Message Name<\/label>\n\t\t\t<input type=\"text\" id=\"wpforms-1906-field_4\" class=\"wpforms-field-medium\" name=\"wpforms[fields][4]\" >\n\t\t<\/div>\n\t\t<div id=\"wpforms-1906-field_3-container\" class=\"wpforms-field wpforms-field-textarea\" data-field-id=\"3\"><label class=\"wpforms-field-label\" for=\"wpforms-1906-field_3\">Wiadomo\u015b\u0107 <span class=\"wpforms-required-label\">*<\/span><\/label><textarea id=\"wpforms-1906-field_3\" class=\"wpforms-field-medium wpforms-field-required\" name=\"wpforms[fields][3]\" required><\/textarea><\/div><script>\n\t\t\t\t( function() {\n\t\t\t\t\tconst style = document.createElement( 'style' );\n\t\t\t\t\tstyle.appendChild( document.createTextNode( '#wpforms-1906-field_4-container { position: absolute !important; overflow: hidden !important; display: inline !important; height: 1px !important; width: 1px !important; z-index: -1000 !important; padding: 0 !important; } #wpforms-1906-field_4-container input { visibility: hidden; } #wpforms-conversational-form-page #wpforms-1906-field_4-container label { counter-increment: none; }' ) );\n\t\t\t\t\tdocument.head.appendChild( style );\n\t\t\t\t\tdocument.currentScript?.remove();\n\t\t\t\t} )();\n\t\t\t<\/script><\/div><!-- .wpforms-field-container --><div class=\"wpforms-submit-container\" ><input type=\"hidden\" name=\"wpforms[id]\" value=\"1906\"><input type=\"hidden\" name=\"page_title\" value=\"\"><input type=\"hidden\" name=\"page_url\" value=\"https:\/\/infralligence.com\/pl\/wp-json\/wp\/v2\/pages\/16\"><input type=\"hidden\" name=\"url_referer\" value=\"\"><button type=\"submit\" name=\"wpforms[submit]\" id=\"wpforms-submit-1906\" class=\"wpforms-submit\" data-alt-text=\"Sending...\" data-submit-text=\"Send\" aria-live=\"assertive\" value=\"wpforms-submit\">Wy\u015blij<\/button><img decoding=\"async\" src=\"https:\/\/infralligence.com\/wp-content\/plugins\/wpforms-lite\/assets\/images\/submit-spin.svg\" class=\"wpforms-submit-spinner\" style=\"display: none;\" width=\"26\" height=\"26\" alt=\"Wczytywanie\"><\/div><input type=\"hidden\" name=\"trp-form-language\" value=\"pl\"\/><\/form><\/div>  <!-- .wpforms-container -->\t\t\t\t<\/div>\n\t\t\t\t<\/div>\n\t\t\t\t<div class=\"elementor-element elementor-element-5554e09 elementor-position-inline-start elementor-view-framed elementor-mobile-position-inline-start elementor-shape-circle elementor-widget elementor-widget-icon-box\" data-id=\"5554e09\" data-element_type=\"widget\" data-e-type=\"widget\" data-widget_type=\"icon-box.default\">\n\t\t\t\t<div class=\"elementor-widget-container\">\n\t\t\t\t\t\t\t<div class=\"elementor-icon-box-wrapper\">\n\n\t\t\t\t\t\t<div class=\"elementor-icon-box-icon\">\n\t\t\t\t<a href=\"mailto:contact@infralligence.com\" class=\"elementor-icon\" tabindex=\"-1\" aria-label=\"contact@infralligence.com\">\n\t\t\t\t<svg aria-hidden=\"true\" class=\"e-font-icon-svg e-far-envelope\" viewbox=\"0 0 512 512\" xmlns=\"http:\/\/www.w3.org\/2000\/svg\"><path d=\"M464 64H48C21.49 64 0 85.49 0 112v288c0 26.51 21.49 48 48 48h416c26.51 0 48-21.49 48-48V112c0-26.51-21.49-48-48-48zm0 48v40.805c-22.422 18.259-58.168 46.651-134.587 106.49-16.841 13.247-50.201 45.072-73.413 44.701-23.208.375-56.579-31.459-73.413-44.701C106.18 199.465 70.425 171.067 48 152.805V112h416zM48 400V214.398c22.914 18.251 55.409 43.862 104.938 82.646 21.857 17.205 60.134 55.186 103.062 54.955 42.717.231 80.509-37.199 103.053-54.947 49.528-38.783 82.032-64.401 104.947-82.653V400H48z\"><\/path><\/svg>\t\t\t\t<\/a>\n\t\t\t<\/div>\n\t\t\t\n\t\t\t\t\t\t<div class=\"elementor-icon-box-content\">\n\n\t\t\t\t\t\t\t\t\t<div class=\"elementor-icon-box-title\">\n\t\t\t\t\t\t<a href=\"mailto:contact@infralligence.com\" >\n\t\t\t\t\t\t\tcontact@infralligence.com\t\t\t\t\t\t<\/a>\n\t\t\t\t\t<\/div>\n\t\t\t\t\n\t\t\t\t\n\t\t\t<\/div>\n\t\t\t\n\t\t<\/div>\n\t\t\t\t\t\t<\/div>\n\t\t\t\t<\/div>\n\t\t\t\t<\/div>\n\t\t\t\t\t<\/div>\n\t\t\t\t<\/div>\n\t\t\t\t<\/div>","protected":false},"excerpt":{"rendered":"<p>Contact Your\u00a0civil engineering company can be better with Digital Automation and AI. \u2192 Looking for ideas? We will be glad to hear about your company and propose them. \u2192 Already have an idea? We can be your partner in implementation. Please enable JavaScript in your browser to complete this form.NameEmail *Message * Send contact@infralligence.com<\/p>","protected":false},"author":1,"featured_media":0,"parent":0,"menu_order":0,"comment_status":"closed","ping_status":"closed","template":"","meta":{"site-sidebar-layout":"no-sidebar","site-content-layout":"page-builder","ast-site-content-layout":"full-width-container","site-content-style":"unboxed","site-sidebar-style":"unboxed","ast-global-header-display":"","ast-banner-title-visibility":"","ast-main-header-display":"","ast-hfb-above-header-display":"","ast-hfb-below-header-display":"","ast-hfb-mobile-header-display":"","site-post-title":"disabled","ast-breadcrumbs-content":"","ast-featured-img":"disabled","footer-sml-layout":"","ast-disable-related-posts":"","theme-transparent-header-meta":"enabled","adv-header-id-meta":"","stick-header-meta":"","header-above-stick-meta":"","header-main-stick-meta":"","header-below-stick-meta":"","astra-migrate-meta-layouts":"set","ast-page-background-enabled":"default","ast-page-background-meta":{"desktop":{"background-color":"var(--ast-global-color-4)","background-image":"","background-repeat":"repeat","background-position":"center center","background-size":"auto","background-attachment":"scroll","background-type":"","background-media":"","overlay-type":"","overlay-color":"","overlay-opacity":"","overlay-gradient":""},"tablet":{"background-color":"","background-image":"","background-repeat":"repeat","background-position":"center center","background-size":"auto","background-attachment":"scroll","background-type":"","background-media":"","overlay-type":"","overlay-color":"","overlay-opacity":"","overlay-gradient":""},"mobile":{"background-color":"","background-image":"","background-repeat":"repeat","background-position":"center center","background-size":"auto","background-attachment":"scroll","background-type":"","background-media":"","overlay-type":"","overlay-color":"","overlay-opacity":"","overlay-gradient":""}},"ast-content-background-meta":{"desktop":{"background-color":"var(--ast-global-color-5)","background-image":"","background-repeat":"repeat","background-position":"center center","background-size":"auto","background-attachment":"scroll","background-type":"","background-media":"","overlay-type":"","overlay-color":"","overlay-opacity":"","overlay-gradient":""},"tablet":{"background-color":"var(--ast-global-color-5)","background-image":"","background-repeat":"repeat","background-position":"center center","background-size":"auto","background-attachment":"scroll","background-type":"","background-media":"","overlay-type":"","overlay-color":"","overlay-opacity":"","overlay-gradient":""},"mobile":{"background-color":"var(--ast-global-color-5)","background-image":"","background-repeat":"repeat","background-position":"center center","background-size":"auto","background-attachment":"scroll","background-type":"","background-media":"","overlay-type":"","overlay-color":"","overlay-opacity":"","overlay-gradient":""}},"footnotes":""},"folder":[],"class_list":["post-16","page","type-page","status-publish","hentry"],"yoast_head":"<!-- This site is optimized with the Yoast SEO plugin v23.9 - https:\/\/yoast.com\/wordpress\/plugins\/seo\/ -->\n<title>Contact - Infralligence<\/title>\n<meta name=\"description\" content=\"Automation &amp; AI for AECO. Looking for ways to make your company more effective? We will be glad to discuss it with you.\" \/>\n<meta name=\"robots\" content=\"index, follow, max-snippet:-1, max-image-preview:large, max-video-preview:-1\" \/>\n<link rel=\"canonical\" href=\"https:\/\/infralligence.com\/pl\/contact\/\" \/>\n<meta property=\"og:locale\" content=\"pl_PL\" \/>\n<meta property=\"og:type\" content=\"article\" \/>\n<meta property=\"og:title\" content=\"Contact - Infralligence\" \/>\n<meta property=\"og:description\" content=\"Automation &amp; AI for AECO. Looking for ways to make your company more effective? We will be glad to discuss it with you.\" \/>\n<meta property=\"og:url\" content=\"https:\/\/infralligence.com\/pl\/contact\/\" \/>\n<meta property=\"og:site_name\" content=\"Infralligence\" \/>\n<meta property=\"article:modified_time\" content=\"2025-04-03T05:57:29+00:00\" \/>\n<meta property=\"og:image\" content=\"https:\/\/infralligence.com\/wp-content\/plugins\/wpforms-lite\/assets\/images\/submit-spin.svg\" \/>\n<meta name=\"twitter:card\" content=\"summary_large_image\" \/>\n<meta name=\"twitter:label1\" content=\"Szacowany czas czytania\" \/>\n\t<meta name=\"twitter:data1\" content=\"1 minuta\" \/>\n<script type=\"application\/ld+json\" class=\"yoast-schema-graph\">{\"@context\":\"https:\/\/schema.org\",\"@graph\":[{\"@type\":\"WebPage\",\"@id\":\"https:\/\/infralligence.com\/contact\/\",\"url\":\"https:\/\/infralligence.com\/contact\/\",\"name\":\"Contact - Infralligence\",\"isPartOf\":{\"@id\":\"https:\/\/infralligence.com\/#website\"},\"primaryImageOfPage\":{\"@id\":\"https:\/\/infralligence.com\/contact\/#primaryimage\"},\"image\":{\"@id\":\"https:\/\/infralligence.com\/contact\/#primaryimage\"},\"thumbnailUrl\":\"https:\/\/infralligence.com\/wp-content\/plugins\/wpforms-lite\/assets\/images\/submit-spin.svg\",\"datePublished\":\"2024-11-25T07:20:56+00:00\",\"dateModified\":\"2025-04-03T05:57:29+00:00\",\"description\":\"Automation & AI for AECO. Looking for ways to make your company more effective? We will be glad to discuss it with you.\",\"breadcrumb\":{\"@id\":\"https:\/\/infralligence.com\/contact\/#breadcrumb\"},\"inLanguage\":\"pl-PL\",\"potentialAction\":[{\"@type\":\"ReadAction\",\"target\":[\"https:\/\/infralligence.com\/contact\/\"]}]},{\"@type\":\"ImageObject\",\"inLanguage\":\"pl-PL\",\"@id\":\"https:\/\/infralligence.com\/contact\/#primaryimage\",\"url\":\"https:\/\/infralligence.com\/wp-content\/plugins\/wpforms-lite\/assets\/images\/submit-spin.svg\",\"contentUrl\":\"https:\/\/infralligence.com\/wp-content\/plugins\/wpforms-lite\/assets\/images\/submit-spin.svg\"},{\"@type\":\"BreadcrumbList\",\"@id\":\"https:\/\/infralligence.com\/contact\/#breadcrumb\",\"itemListElement\":[{\"@type\":\"ListItem\",\"position\":1,\"name\":\"Home\",\"item\":\"https:\/\/infralligence.com\/\"},{\"@type\":\"ListItem\",\"position\":2,\"name\":\"Contact\"}]},{\"@type\":\"WebSite\",\"@id\":\"https:\/\/infralligence.com\/#website\",\"url\":\"https:\/\/infralligence.com\/\",\"name\":\"Infralligence\",\"description\":\"Digital Automation and AI for civil engineering\",\"publisher\":{\"@id\":\"https:\/\/infralligence.com\/#organization\"},\"potentialAction\":[{\"@type\":\"SearchAction\",\"target\":{\"@type\":\"EntryPoint\",\"urlTemplate\":\"https:\/\/infralligence.com\/?s={search_term_string}\"},\"query-input\":{\"@type\":\"PropertyValueSpecification\",\"valueRequired\":true,\"valueName\":\"search_term_string\"}}],\"inLanguage\":\"pl-PL\"},{\"@type\":\"Organization\",\"@id\":\"https:\/\/infralligence.com\/#organization\",\"name\":\"Infralligence\",\"url\":\"https:\/\/infralligence.com\/\",\"logo\":{\"@type\":\"ImageObject\",\"inLanguage\":\"pl-PL\",\"@id\":\"https:\/\/infralligence.com\/#\/schema\/logo\/image\/\",\"url\":\"https:\/\/infralligence.com\/wp-content\/uploads\/2024\/11\/android-chrome-192x192-1.png\",\"contentUrl\":\"https:\/\/infralligence.com\/wp-content\/uploads\/2024\/11\/android-chrome-192x192-1.png\",\"width\":192,\"height\":192,\"caption\":\"Infralligence\"},\"image\":{\"@id\":\"https:\/\/infralligence.com\/#\/schema\/logo\/image\/\"}}]}<\/script>\n<!-- \/ Yoast SEO plugin. -->","yoast_head_json":{"title":"Contact - Infralligence","description":"Automation & AI for AECO. Looking for ways to make your company more effective? We will be glad to discuss it with you.","robots":{"index":"index","follow":"follow","max-snippet":"max-snippet:-1","max-image-preview":"max-image-preview:large","max-video-preview":"max-video-preview:-1"},"canonical":"https:\/\/infralligence.com\/pl\/contact\/","og_locale":"pl_PL","og_type":"article","og_title":"Contact - Infralligence","og_description":"Automation & AI for AECO. Looking for ways to make your company more effective? We will be glad to discuss it with you.","og_url":"https:\/\/infralligence.com\/pl\/contact\/","og_site_name":"Infralligence","article_modified_time":"2025-04-03T05:57:29+00:00","og_image":[{"url":"https:\/\/infralligence.com\/wp-content\/plugins\/wpforms-lite\/assets\/images\/submit-spin.svg"}],"twitter_card":"summary_large_image","twitter_misc":{"Szacowany czas czytania":"1 minuta"},"schema":{"@context":"https:\/\/schema.org","@graph":[{"@type":"WebPage","@id":"https:\/\/infralligence.com\/contact\/","url":"https:\/\/infralligence.com\/contact\/","name":"Contact - Infralligence","isPartOf":{"@id":"https:\/\/infralligence.com\/#website"},"primaryImageOfPage":{"@id":"https:\/\/infralligence.com\/contact\/#primaryimage"},"image":{"@id":"https:\/\/infralligence.com\/contact\/#primaryimage"},"thumbnailUrl":"https:\/\/infralligence.com\/wp-content\/plugins\/wpforms-lite\/assets\/images\/submit-spin.svg","datePublished":"2024-11-25T07:20:56+00:00","dateModified":"2025-04-03T05:57:29+00:00","description":"Automation & AI for AECO. Looking for ways to make your company more effective? We will be glad to discuss it with you.","breadcrumb":{"@id":"https:\/\/infralligence.com\/contact\/#breadcrumb"},"inLanguage":"pl-PL","potentialAction":[{"@type":"ReadAction","target":["https:\/\/infralligence.com\/contact\/"]}]},{"@type":"ImageObject","inLanguage":"pl-PL","@id":"https:\/\/infralligence.com\/contact\/#primaryimage","url":"https:\/\/infralligence.com\/wp-content\/plugins\/wpforms-lite\/assets\/images\/submit-spin.svg","contentUrl":"https:\/\/infralligence.com\/wp-content\/plugins\/wpforms-lite\/assets\/images\/submit-spin.svg"},{"@type":"BreadcrumbList","@id":"https:\/\/infralligence.com\/contact\/#breadcrumb","itemListElement":[{"@type":"ListItem","position":1,"name":"Home","item":"https:\/\/infralligence.com\/"},{"@type":"ListItem","position":2,"name":"Contact"}]},{"@type":"WebSite","@id":"https:\/\/infralligence.com\/#website","url":"https:\/\/infralligence.com\/","name":"Infralligence","description":"Digital Automation and AI for civil engineering","publisher":{"@id":"https:\/\/infralligence.com\/#organization"},"potentialAction":[{"@type":"SearchAction","target":{"@type":"EntryPoint","urlTemplate":"https:\/\/infralligence.com\/?s={search_term_string}"},"query-input":{"@type":"PropertyValueSpecification","valueRequired":true,"valueName":"search_term_string"}}],"inLanguage":"pl-PL"},{"@type":"Organization","@id":"https:\/\/infralligence.com\/#organization","name":"Infralligence","url":"https:\/\/infralligence.com\/","logo":{"@type":"ImageObject","inLanguage":"pl-PL","@id":"https:\/\/infralligence.com\/#\/schema\/logo\/image\/","url":"https:\/\/infralligence.com\/wp-content\/uploads\/2024\/11\/android-chrome-192x192-1.png","contentUrl":"https:\/\/infralligence.com\/wp-content\/uploads\/2024\/11\/android-chrome-192x192-1.png","width":192,"height":192,"caption":"Infralligence"},"image":{"@id":"https:\/\/infralligence.com\/#\/schema\/logo\/image\/"}}]}},"_links":{"self":[{"href":"https:\/\/infralligence.com\/pl\/wp-json\/wp\/v2\/pages\/16","targetHints":{"allow":["GET"]}}],"collection":[{"href":"https:\/\/infralligence.com\/pl\/wp-json\/wp\/v2\/pages"}],"about":[{"href":"https:\/\/infralligence.com\/pl\/wp-json\/wp\/v2\/types\/page"}],"author":[{"embeddable":true,"href":"https:\/\/infralligence.com\/pl\/wp-json\/wp\/v2\/users\/1"}],"replies":[{"embeddable":true,"href":"https:\/\/infralligence.com\/pl\/wp-json\/wp\/v2\/comments?post=16"}],"version-history":[{"count":83,"href":"https:\/\/infralligence.com\/pl\/wp-json\/wp\/v2\/pages\/16\/revisions"}],"predecessor-version":[{"id":3006,"href":"https:\/\/infralligence.com\/pl\/wp-json\/wp\/v2\/pages\/16\/revisions\/3006"}],"wp:attachment":[{"href":"https:\/\/infralligence.com\/pl\/wp-json\/wp\/v2\/media?parent=16"}],"wp:term":[{"taxonomy":"folder","embeddable":true,"href":"https:\/\/infralligence.com\/pl\/wp-json\/wp\/v2\/folder?post=16"}],"curies":[{"name":"wp","href":"https:\/\/api.w.org\/{rel}","templated":true}]}}