{"id":1448,"date":"2024-11-25T07:20:56","date_gmt":"2024-11-25T07:20:56","guid":{"rendered":"https:\/\/infralligence.com\/home\/"},"modified":"2025-10-26T13:55:27","modified_gmt":"2025-10-26T13:55:27","slug":"home","status":"publish","type":"page","link":"https:\/\/infralligence.com\/pl\/","title":{"rendered":"Strona g\u0142\u00f3wna"},"content":{"rendered":"<div data-elementor-type=\"wp-page\" data-elementor-id=\"1448\" class=\"elementor elementor-1448\">\n\t\t\t\t<div class=\"elementor-element elementor-element-9783628 e-flex e-con-boxed rael-particle-no e-con e-parent\" data-id=\"9783628\" data-element_type=\"container\" data-settings=\"{&quot;background_background&quot;:&quot;classic&quot;}\">\n\t\t\t\t\t<div class=\"e-con-inner\">\n\t\t<div class=\"elementor-element elementor-element-05ba369 e-con-full e-flex rael-particle-no e-con e-child\" data-id=\"05ba369\" data-element_type=\"container\">\n\t\t\t\t<div class=\"elementor-element elementor-element-a27feb6 elementor-widget elementor-widget-heading\" data-id=\"a27feb6\" data-element_type=\"widget\" data-widget_type=\"heading.default\">\n\t\t\t\t<div class=\"elementor-widget-container\">\n\t\t\t\t\t<h2 class=\"elementor-heading-title elementor-size-default translation-block\"><b><u>Twoja<\/u> firma<\/b> budowlana mo\u017ce by\u0107 <b>lepsza<\/b><\/h2>\t\t\t\t<\/div>\n\t\t\t\t<\/div>\n\t\t\t\t<div class=\"elementor-element elementor-element-755bbd8 elementor-widget elementor-widget-heading\" data-id=\"755bbd8\" data-element_type=\"widget\" data-widget_type=\"heading.default\">\n\t\t\t\t<div class=\"elementor-widget-container\">\n\t\t\t\t\t<h2 class=\"elementor-heading-title elementor-size-default translation-block\">z <span class=\"kk-color-primary\"><b>Cyfrow\u0105 Automatyzacj\u0105<\/b><\/span> i <span class=\"kk-color-ornament\"><b>AI<\/b><\/span><\/h2>\t\t\t\t<\/div>\n\t\t\t\t<\/div>\n\t\t\t\t<div class=\"elementor-element elementor-element-38455ce elementor-widget elementor-widget-button\" data-id=\"38455ce\" data-element_type=\"widget\" data-widget_type=\"button.default\">\n\t\t\t\t<div class=\"elementor-widget-container\">\n\t\t\t\t\t\t\t\t\t<div class=\"elementor-button-wrapper\">\n\t\t\t\t\t<a class=\"elementor-button elementor-button-link elementor-size-sm\" href=\"https:\/\/infralligence.com\/pl\/contact\/\">\n\t\t\t\t\t\t<span class=\"elementor-button-content-wrapper\">\n\t\t\t\t\t\t<span class=\"elementor-button-icon\">\n\t\t\t\t<svg aria-hidden=\"true\" class=\"e-font-icon-svg e-fas-arrow-right\" viewbox=\"0 0 448 512\" xmlns=\"http:\/\/www.w3.org\/2000\/svg\"><path d=\"M190.5 66.9l22.2-22.2c9.4-9.4 24.6-9.4 33.9 0L441 239c9.4 9.4 9.4 24.6 0 33.9L246.6 467.3c-9.4 9.4-24.6 9.4-33.9 0l-22.2-22.2c-9.5-9.5-9.3-25 .4-34.3L311.4 296H24c-13.3 0-24-10.7-24-24v-32c0-13.3 10.7-24 24-24h287.4L190.9 101.2c-9.8-9.3-10-24.8-.4-34.3z\"><\/path><\/svg>\t\t\t<\/span>\n\t\t\t\t\t\t\t\t\t<span class=\"elementor-button-text\">Porozmawiajmy<\/span>\n\t\t\t\t\t<\/span>\n\t\t\t\t\t<\/a>\n\t\t\t\t<\/div>\n\t\t\t\t\t\t\t\t<\/div>\n\t\t\t\t<\/div>\n\t\t\t\t<\/div>\n\t\t\t\t\t<\/div>\n\t\t\t\t<\/div>\n\t\t<div class=\"elementor-element elementor-element-60903f5 e-flex e-con-boxed rael-particle-no e-con e-parent\" data-id=\"60903f5\" data-element_type=\"container\" data-settings=\"{&quot;background_background&quot;:&quot;classic&quot;}\">\n\t\t\t\t\t<div class=\"e-con-inner\">\n\t\t\t\t<div class=\"elementor-element elementor-element-8e41cb6 elementor-widget elementor-widget-text-editor\" data-id=\"8e41cb6\" data-element_type=\"widget\" data-no-translation=\"\" data-widget_type=\"text-editor.default\">\n\t\t\t\t<div class=\"elementor-widget-container\">\n\t\t\t\t\t<style>.elementor-element-8e41cb6{display:none !important}<\/style>\t\t\t\t<\/div>\n\t\t\t\t<\/div>\n\t\t\t\t<div class=\"elementor-element elementor-element-ae90235 elementor-widget elementor-widget-text-editor\" data-id=\"ae90235\" data-element_type=\"widget\" data-no-translation=\"\" data-widget_type=\"text-editor.default\">\n\t\t\t\t<div class=\"elementor-widget-container\">\n\t\t\t\t\t\t\t\t\t<div class=\"kk-color-white\"><h2 class=\"kk-color-white\">Jak mo\u017cemy Ci pom\u00f3c?<\/h2><p>\u2192 <strong>Agenci, Procesy i Systemy AI<\/strong><\/p><p>\u2192 <strong>Dedykowane Aplikacje i Automatyzacje<\/strong><\/p><p>\u2192 <strong>Marketing poprzez Aplikacje dla twoich klient\u00f3w<\/strong><\/p><p>Dopasowane do twojej firmy.<\/p><\/div>\t\t\t\t\t\t\t\t<\/div>\n\t\t\t\t<\/div>\n\t\t\t\t\t<\/div>\n\t\t\t\t<\/div>\n\t\t<div class=\"elementor-element elementor-element-76c4088 e-flex e-con-boxed rael-particle-no e-con e-parent\" data-id=\"76c4088\" data-element_type=\"container\" data-settings=\"{&quot;background_background&quot;:&quot;classic&quot;}\">\n\t\t\t\t\t<div class=\"e-con-inner\">\n\t\t\t\t<div class=\"elementor-element elementor-element-e7bb0b6 elementor-widget elementor-widget-text-editor\" data-id=\"e7bb0b6\" data-element_type=\"widget\" data-widget_type=\"text-editor.default\">\n\t\t\t\t<div class=\"elementor-widget-container\">\n\t\t\t\t\t\t\t\t\t<h2>Darmowe materia\u0142y:<\/h2><p class=\"translation-block\"><a href=\"https:\/\/infralligence.com\/pl\/resources\/#start-revit-programming-guide\" target=\"_self\">\u2192 Pobierz Poradnik <span class=\"kk-color-primary\" style=\"font-weight: bold\">Revit API 2025 z C#: Pierwsze kroki<\/span> (i zasubskrybuj newsletter, je\u015bli chcesz).<\/a><\/p><p class=\"translation-block\"><a href=\"https:\/\/infralligence.com\/pl\/resources\/#revit-api\" target=\"_self\">\u2192 Poznaj <b>Podstawy Revit API <\/b> poprzez posty na blogu.<\/a><\/p>\t\t\t\t\t\t\t\t<\/div>\n\t\t\t\t<\/div>\n\t\t\t\t\t<\/div>\n\t\t\t\t<\/div>\n\t\t<div class=\"elementor-element elementor-element-79c45e3 e-flex e-con-boxed rael-particle-no e-con e-parent\" data-id=\"79c45e3\" data-element_type=\"container\" data-settings=\"{&quot;background_background&quot;:&quot;classic&quot;}\">\n\t\t\t\t\t<div class=\"e-con-inner\">\n\t\t\t\t<div class=\"elementor-element elementor-element-3d40b46 elementor-widget elementor-widget-text-editor\" data-id=\"3d40b46\" data-element_type=\"widget\" data-widget_type=\"text-editor.default\">\n\t\t\t\t<div class=\"elementor-widget-container\">\n\t\t\t\t\t\t\t\t\t<h4>Kamil Korus<\/h4>\t\t\t\t\t\t\t\t<\/div>\n\t\t\t\t<\/div>\n\t\t<div class=\"elementor-element elementor-element-e5856a5 e-con-full e-flex rael-particle-no e-con e-child\" data-id=\"e5856a5\" data-element_type=\"container\">\n\t\t\t\t<div class=\"elementor-element elementor-element-5ee262f elementor-widget elementor-widget-image\" data-id=\"5ee262f\" data-element_type=\"widget\" data-widget_type=\"image.default\">\n\t\t\t\t<div class=\"elementor-widget-container\">\n\t\t\t\t\t\t\t\t\t\t\t\t\t\t\t<img fetchpriority=\"high\" decoding=\"async\" width=\"233\" height=\"300\" src=\"https:\/\/infralligence.com\/wp-content\/uploads\/2025\/10\/DSC_5941-PL-35x45-mm-233x300.jpg\" class=\"attachment-medium size-medium wp-image-3031\" alt=\"\" srcset=\"https:\/\/infralligence.com\/wp-content\/uploads\/2025\/10\/DSC_5941-PL-35x45-mm-233x300.jpg 233w, https:\/\/infralligence.com\/wp-content\/uploads\/2025\/10\/DSC_5941-PL-35x45-mm-797x1024.jpg 797w, https:\/\/infralligence.com\/wp-content\/uploads\/2025\/10\/DSC_5941-PL-35x45-mm-768x987.jpg 768w, https:\/\/infralligence.com\/wp-content\/uploads\/2025\/10\/DSC_5941-PL-35x45-mm-9x12.jpg 9w, https:\/\/infralligence.com\/wp-content\/uploads\/2025\/10\/DSC_5941-PL-35x45-mm.jpg 827w\" sizes=\"(max-width: 233px) 100vw, 233px\" \/>\t\t\t\t\t\t\t\t\t\t\t\t\t\t\t<\/div>\n\t\t\t\t<\/div>\n\t\t\t\t<div class=\"elementor-element elementor-element-dfc4b89 elementor-widget elementor-widget-heading\" data-id=\"dfc4b89\" data-element_type=\"widget\" data-widget_type=\"heading.default\">\n\t\t\t\t<div class=\"elementor-widget-container\">\n\t\t\t\t\t<h5 class=\"elementor-heading-title elementor-size-default\">Za\u0142o\u017cyciel<\/h5>\t\t\t\t<\/div>\n\t\t\t\t<\/div>\n\t\t\t\t<div class=\"elementor-element elementor-element-8c45041 e-grid-align-left elementor-shape-rounded elementor-grid-0 elementor-widget elementor-widget-social-icons\" data-id=\"8c45041\" data-element_type=\"widget\" data-widget_type=\"social-icons.default\">\n\t\t\t\t<div class=\"elementor-widget-container\">\n\t\t\t\t\t\t\t<div class=\"elementor-social-icons-wrapper elementor-grid\" role=\"list\">\n\t\t\t\t\t\t\t<span class=\"elementor-grid-item\" role=\"listitem\">\n\t\t\t\t\t<a class=\"elementor-icon elementor-social-icon elementor-social-icon-linkedin elementor-repeater-item-847afc2\" href=\"https:\/\/www.linkedin.com\/in\/kamil-korus\/\" target=\"_blank\">\n\t\t\t\t\t\t<span class=\"elementor-screen-only\">Linkedin<\/span>\n\t\t\t\t\t\t<svg aria-hidden=\"true\" class=\"e-font-icon-svg e-fab-linkedin\" viewbox=\"0 0 448 512\" xmlns=\"http:\/\/www.w3.org\/2000\/svg\"><path d=\"M416 32H31.9C14.3 32 0 46.5 0 64.3v383.4C0 465.5 14.3 480 31.9 480H416c17.6 0 32-14.5 32-32.3V64.3c0-17.8-14.4-32.3-32-32.3zM135.4 416H69V202.2h66.5V416zm-33.2-243c-21.3 0-38.5-17.3-38.5-38.5S80.9 96 102.2 96c21.2 0 38.5 17.3 38.5 38.5 0 21.3-17.2 38.5-38.5 38.5zm282.1 243h-66.4V312c0-24.8-.5-56.7-34.5-56.7-34.6 0-39.9 27-39.9 54.9V416h-66.4V202.2h63.7v29.2h.9c8.9-16.8 30.6-34.5 62.9-34.5 67.2 0 79.7 44.3 79.7 101.9V416z\"><\/path><\/svg>\t\t\t\t\t<\/a>\n\t\t\t\t<\/span>\n\t\t\t\t\t\t\t<span class=\"elementor-grid-item\" role=\"listitem\">\n\t\t\t\t\t<a class=\"elementor-icon elementor-social-icon elementor-social-icon-envelope elementor-repeater-item-cf6cca3\" href=\"mailto:kamilkorus@infralligence.com\" target=\"_blank\">\n\t\t\t\t\t\t<span class=\"elementor-screen-only\">Envelope<\/span>\n\t\t\t\t\t\t<svg aria-hidden=\"true\" class=\"e-font-icon-svg e-far-envelope\" viewbox=\"0 0 512 512\" xmlns=\"http:\/\/www.w3.org\/2000\/svg\"><path d=\"M464 64H48C21.49 64 0 85.49 0 112v288c0 26.51 21.49 48 48 48h416c26.51 0 48-21.49 48-48V112c0-26.51-21.49-48-48-48zm0 48v40.805c-22.422 18.259-58.168 46.651-134.587 106.49-16.841 13.247-50.201 45.072-73.413 44.701-23.208.375-56.579-31.459-73.413-44.701C106.18 199.465 70.425 171.067 48 152.805V112h416zM48 400V214.398c22.914 18.251 55.409 43.862 104.938 82.646 21.857 17.205 60.134 55.186 103.062 54.955 42.717.231 80.509-37.199 103.053-54.947 49.528-38.783 82.032-64.401 104.947-82.653V400H48z\"><\/path><\/svg>\t\t\t\t\t<\/a>\n\t\t\t\t<\/span>\n\t\t\t\t\t<\/div>\n\t\t\t\t\t\t<\/div>\n\t\t\t\t<\/div>\n\t\t\t\t<div class=\"elementor-element elementor-element-f50461f elementor-widget elementor-widget-heading\" data-id=\"f50461f\" data-element_type=\"widget\" data-widget_type=\"heading.default\">\n\t\t\t\t<div class=\"elementor-widget-container\">\n\t\t\t\t\t<h5 class=\"elementor-heading-title elementor-size-default\"> AECO Software Developer (since 2017)<\/h5>\t\t\t\t<\/div>\n\t\t\t\t<\/div>\n\t\t\t\t<div class=\"elementor-element elementor-element-5fd6c4a elementor-widget elementor-widget-text-editor\" data-id=\"5fd6c4a\" data-element_type=\"widget\" data-widget_type=\"text-editor.default\">\n\t\t\t\t<div class=\"elementor-widget-container\">\n\t\t\t\t\t\t\t\t\t<p>projekty dla:<\/p><ul><li>Autodesk<\/li><li>Ischebeck TITAN<\/li><li>Pipelife<\/li><li>MIDAS<\/li><li>CADmost<\/li><li>Promost Consulting<\/li><li>BIMind<\/li><li>Metris \/ DMT Engineering<\/li><li>Digital Engineering Solutions<\/li><\/ul>\t\t\t\t\t\t\t\t<\/div>\n\t\t\t\t<\/div>\n\t\t\t\t<div class=\"elementor-element elementor-element-44e2212 elementor-widget elementor-widget-heading\" data-id=\"44e2212\" data-element_type=\"widget\" data-widget_type=\"heading.default\">\n\t\t\t\t<div class=\"elementor-widget-container\">\n\t\t\t\t\t<h5 class=\"elementor-heading-title elementor-size-default\">PhD in digital twins of bridges (2019-2023)<\/h5>\t\t\t\t<\/div>\n\t\t\t\t<\/div>\n\t\t\t\t<div class=\"elementor-element elementor-element-c6b6ddb elementor-widget elementor-widget-text-editor\" data-id=\"c6b6ddb\" data-element_type=\"widget\" data-widget_type=\"text-editor.default\">\n\t\t\t\t<div class=\"elementor-widget-container\">\n\t\t\t\t\t\t\t\t\t<ul><li>Wydzia\u0142 Budownictwa, Politechnika \u015al\u0105ska<\/li><li>Arizona State University, USA<\/li><\/ul>\t\t\t\t\t\t\t\t<\/div>\n\t\t\t\t<\/div>\n\t\t\t\t<\/div>\n\t\t\t\t\t<\/div>\n\t\t\t\t<\/div>\n\t\t\t\t<\/div>","protected":false},"excerpt":{"rendered":"<p>Your civil engineering company can be better with Digital Automation and AI Let&#8217;s talk How can we help? \u2192 AI Agents, Processes, and Systems \u2192 Custom Applications and Automations \u2192 Application-based Marketing for Your Clients \u2192 Consulting Tailored to your company. Jak mo\u017cemy Ci pom\u00f3c? \u2192 Agenci, Procesy i Systemy AI \u2192 Dedykowane Aplikacje i [&hellip;]<\/p>","protected":false},"author":1,"featured_media":1965,"parent":0,"menu_order":0,"comment_status":"closed","ping_status":"closed","template":"","meta":{"site-sidebar-layout":"no-sidebar","site-content-layout":"page-builder","ast-site-content-layout":"full-width-container","site-content-style":"unboxed","site-sidebar-style":"unboxed","ast-global-header-display":"","ast-banner-title-visibility":"","ast-main-header-display":"","ast-hfb-above-header-display":"","ast-hfb-below-header-display":"","ast-hfb-mobile-header-display":"","site-post-title":"disabled","ast-breadcrumbs-content":"","ast-featured-img":"disabled","footer-sml-layout":"","theme-transparent-header-meta":"enabled","adv-header-id-meta":"","stick-header-meta":"","header-above-stick-meta":"","header-main-stick-meta":"","header-below-stick-meta":"","astra-migrate-meta-layouts":"set","ast-page-background-enabled":"default","ast-page-background-meta":{"desktop":{"background-color":"var(--ast-global-color-4)","background-image":"","background-repeat":"repeat","background-position":"center center","background-size":"auto","background-attachment":"scroll","background-type":"","background-media":"","overlay-type":"","overlay-color":"","overlay-opacity":"","overlay-gradient":""},"tablet":{"background-color":"","background-image":"","background-repeat":"repeat","background-position":"center center","background-size":"auto","background-attachment":"scroll","background-type":"","background-media":"","overlay-type":"","overlay-color":"","overlay-opacity":"","overlay-gradient":""},"mobile":{"background-color":"","background-image":"","background-repeat":"repeat","background-position":"center center","background-size":"auto","background-attachment":"scroll","background-type":"","background-media":"","overlay-type":"","overlay-color":"","overlay-opacity":"","overlay-gradient":""}},"ast-content-background-meta":{"desktop":{"background-color":"var(--ast-global-color-5)","background-image":"","background-repeat":"repeat","background-position":"center center","background-size":"auto","background-attachment":"scroll","background-type":"","background-media":"","overlay-type":"","overlay-color":"","overlay-opacity":"","overlay-gradient":""},"tablet":{"background-color":"var(--ast-global-color-5)","background-image":"","background-repeat":"repeat","background-position":"center center","background-size":"auto","background-attachment":"scroll","background-type":"","background-media":"","overlay-type":"","overlay-color":"","overlay-opacity":"","overlay-gradient":""},"mobile":{"background-color":"var(--ast-global-color-5)","background-image":"","background-repeat":"repeat","background-position":"center center","background-size":"auto","background-attachment":"scroll","background-type":"","background-media":"","overlay-type":"","overlay-color":"","overlay-opacity":"","overlay-gradient":""}},"footnotes":""},"folder":[],"class_list":["post-1448","page","type-page","status-publish","has-post-thumbnail","hentry"],"yoast_head":"<!-- This site is optimized with the Yoast SEO plugin v23.9 - https:\/\/yoast.com\/wordpress\/plugins\/seo\/ -->\n<title>Infralligence - Digital Automation and AI for civil engineering<\/title>\n<meta name=\"description\" content=\"Automation &amp; AI for AECO (Architecture, Engineering, Construction, and Operation).\" \/>\n<meta name=\"robots\" content=\"index, follow, max-snippet:-1, max-image-preview:large, max-video-preview:-1\" \/>\n<link rel=\"canonical\" href=\"https:\/\/infralligence.com\/pl\/\" \/>\n<meta property=\"og:locale\" content=\"pl_PL\" \/>\n<meta property=\"og:type\" content=\"article\" \/>\n<meta property=\"og:title\" content=\"Infralligence - Digital Automation and AI for civil engineering\" \/>\n<meta property=\"og:description\" content=\"Automation &amp; AI for AECO (Architecture, Engineering, Construction, and Operation).\" \/>\n<meta property=\"og:url\" content=\"https:\/\/infralligence.com\/pl\/\" \/>\n<meta property=\"og:site_name\" content=\"Infralligence\" \/>\n<meta property=\"article:modified_time\" content=\"2025-10-26T13:55:27+00:00\" \/>\n<meta property=\"og:image\" content=\"https:\/\/infralligence.com\/wp-content\/uploads\/2024\/11\/android-chrome-192x192-1.png\" \/>\n\t<meta property=\"og:image:width\" content=\"192\" \/>\n\t<meta property=\"og:image:height\" content=\"192\" \/>\n\t<meta property=\"og:image:type\" content=\"image\/png\" \/>\n<meta name=\"twitter:card\" content=\"summary_large_image\" \/>\n<meta name=\"twitter:label1\" content=\"Szacowany czas czytania\" \/>\n\t<meta name=\"twitter:data1\" content=\"1 minuta\" \/>\n<script type=\"application\/ld+json\" class=\"yoast-schema-graph\">{\"@context\":\"https:\/\/schema.org\",\"@graph\":[{\"@type\":\"WebPage\",\"@id\":\"https:\/\/infralligence.com\/\",\"url\":\"https:\/\/infralligence.com\/\",\"name\":\"Infralligence - Digital Automation and AI for civil engineering\",\"isPartOf\":{\"@id\":\"https:\/\/infralligence.com\/#website\"},\"primaryImageOfPage\":{\"@id\":\"https:\/\/infralligence.com\/#primaryimage\"},\"image\":{\"@id\":\"https:\/\/infralligence.com\/#primaryimage\"},\"thumbnailUrl\":\"https:\/\/infralligence.com\/wp-content\/uploads\/2024\/11\/android-chrome-192x192-1.png\",\"datePublished\":\"2024-11-25T07:20:56+00:00\",\"dateModified\":\"2025-10-26T13:55:27+00:00\",\"description\":\"Automation & AI for AECO (Architecture, Engineering, Construction, and Operation).\",\"breadcrumb\":{\"@id\":\"https:\/\/infralligence.com\/#breadcrumb\"},\"inLanguage\":\"pl-PL\",\"potentialAction\":[{\"@type\":\"ReadAction\",\"target\":[\"https:\/\/infralligence.com\/\"]}]},{\"@type\":\"ImageObject\",\"inLanguage\":\"pl-PL\",\"@id\":\"https:\/\/infralligence.com\/#primaryimage\",\"url\":\"https:\/\/infralligence.com\/wp-content\/uploads\/2024\/11\/android-chrome-192x192-1.png\",\"contentUrl\":\"https:\/\/infralligence.com\/wp-content\/uploads\/2024\/11\/android-chrome-192x192-1.png\",\"width\":192,\"height\":192,\"caption\":\"Test logo\"},{\"@type\":\"BreadcrumbList\",\"@id\":\"https:\/\/infralligence.com\/#breadcrumb\",\"itemListElement\":[{\"@type\":\"ListItem\",\"position\":1,\"name\":\"Home\",\"item\":\"https:\/\/infralligence.com\/\"},{\"@type\":\"ListItem\",\"position\":2,\"name\":\"Home\"}]},{\"@type\":\"WebSite\",\"@id\":\"https:\/\/infralligence.com\/#website\",\"url\":\"https:\/\/infralligence.com\/\",\"name\":\"Infralligence\",\"description\":\"Digital Automation and AI for civil engineering\",\"publisher\":{\"@id\":\"https:\/\/infralligence.com\/#organization\"},\"potentialAction\":[{\"@type\":\"SearchAction\",\"target\":{\"@type\":\"EntryPoint\",\"urlTemplate\":\"https:\/\/infralligence.com\/?s={search_term_string}\"},\"query-input\":{\"@type\":\"PropertyValueSpecification\",\"valueRequired\":true,\"valueName\":\"search_term_string\"}}],\"inLanguage\":\"pl-PL\"},{\"@type\":\"Organization\",\"@id\":\"https:\/\/infralligence.com\/#organization\",\"name\":\"Infralligence\",\"url\":\"https:\/\/infralligence.com\/\",\"logo\":{\"@type\":\"ImageObject\",\"inLanguage\":\"pl-PL\",\"@id\":\"https:\/\/infralligence.com\/#\/schema\/logo\/image\/\",\"url\":\"https:\/\/infralligence.com\/wp-content\/uploads\/2024\/11\/android-chrome-192x192-1.png\",\"contentUrl\":\"https:\/\/infralligence.com\/wp-content\/uploads\/2024\/11\/android-chrome-192x192-1.png\",\"width\":192,\"height\":192,\"caption\":\"Infralligence\"},\"image\":{\"@id\":\"https:\/\/infralligence.com\/#\/schema\/logo\/image\/\"}}]}<\/script>\n<!-- \/ Yoast SEO plugin. -->","yoast_head_json":{"title":"Infralligence - Digital Automation and AI for civil engineering","description":"Automation & AI for AECO (Architecture, Engineering, Construction, and Operation).","robots":{"index":"index","follow":"follow","max-snippet":"max-snippet:-1","max-image-preview":"max-image-preview:large","max-video-preview":"max-video-preview:-1"},"canonical":"https:\/\/infralligence.com\/pl\/","og_locale":"pl_PL","og_type":"article","og_title":"Infralligence - Digital Automation and AI for civil engineering","og_description":"Automation & AI for AECO (Architecture, Engineering, Construction, and Operation).","og_url":"https:\/\/infralligence.com\/pl\/","og_site_name":"Infralligence","article_modified_time":"2025-10-26T13:55:27+00:00","og_image":[{"width":192,"height":192,"url":"https:\/\/infralligence.com\/wp-content\/uploads\/2024\/11\/android-chrome-192x192-1.png","type":"image\/png"}],"twitter_card":"summary_large_image","twitter_misc":{"Szacowany czas czytania":"1 minuta"},"schema":{"@context":"https:\/\/schema.org","@graph":[{"@type":"WebPage","@id":"https:\/\/infralligence.com\/","url":"https:\/\/infralligence.com\/","name":"Infralligence - Digital Automation and AI for civil engineering","isPartOf":{"@id":"https:\/\/infralligence.com\/#website"},"primaryImageOfPage":{"@id":"https:\/\/infralligence.com\/#primaryimage"},"image":{"@id":"https:\/\/infralligence.com\/#primaryimage"},"thumbnailUrl":"https:\/\/infralligence.com\/wp-content\/uploads\/2024\/11\/android-chrome-192x192-1.png","datePublished":"2024-11-25T07:20:56+00:00","dateModified":"2025-10-26T13:55:27+00:00","description":"Automation & AI for AECO (Architecture, Engineering, Construction, and Operation).","breadcrumb":{"@id":"https:\/\/infralligence.com\/#breadcrumb"},"inLanguage":"pl-PL","potentialAction":[{"@type":"ReadAction","target":["https:\/\/infralligence.com\/"]}]},{"@type":"ImageObject","inLanguage":"pl-PL","@id":"https:\/\/infralligence.com\/#primaryimage","url":"https:\/\/infralligence.com\/wp-content\/uploads\/2024\/11\/android-chrome-192x192-1.png","contentUrl":"https:\/\/infralligence.com\/wp-content\/uploads\/2024\/11\/android-chrome-192x192-1.png","width":192,"height":192,"caption":"Test logo"},{"@type":"BreadcrumbList","@id":"https:\/\/infralligence.com\/#breadcrumb","itemListElement":[{"@type":"ListItem","position":1,"name":"Home","item":"https:\/\/infralligence.com\/"},{"@type":"ListItem","position":2,"name":"Home"}]},{"@type":"WebSite","@id":"https:\/\/infralligence.com\/#website","url":"https:\/\/infralligence.com\/","name":"Infralligence","description":"Digital Automation and AI for civil engineering","publisher":{"@id":"https:\/\/infralligence.com\/#organization"},"potentialAction":[{"@type":"SearchAction","target":{"@type":"EntryPoint","urlTemplate":"https:\/\/infralligence.com\/?s={search_term_string}"},"query-input":{"@type":"PropertyValueSpecification","valueRequired":true,"valueName":"search_term_string"}}],"inLanguage":"pl-PL"},{"@type":"Organization","@id":"https:\/\/infralligence.com\/#organization","name":"Infralligence","url":"https:\/\/infralligence.com\/","logo":{"@type":"ImageObject","inLanguage":"pl-PL","@id":"https:\/\/infralligence.com\/#\/schema\/logo\/image\/","url":"https:\/\/infralligence.com\/wp-content\/uploads\/2024\/11\/android-chrome-192x192-1.png","contentUrl":"https:\/\/infralligence.com\/wp-content\/uploads\/2024\/11\/android-chrome-192x192-1.png","width":192,"height":192,"caption":"Infralligence"},"image":{"@id":"https:\/\/infralligence.com\/#\/schema\/logo\/image\/"}}]}},"_links":{"self":[{"href":"https:\/\/infralligence.com\/pl\/wp-json\/wp\/v2\/pages\/1448","targetHints":{"allow":["GET"]}}],"collection":[{"href":"https:\/\/infralligence.com\/pl\/wp-json\/wp\/v2\/pages"}],"about":[{"href":"https:\/\/infralligence.com\/pl\/wp-json\/wp\/v2\/types\/page"}],"author":[{"embeddable":true,"href":"https:\/\/infralligence.com\/pl\/wp-json\/wp\/v2\/users\/1"}],"replies":[{"embeddable":true,"href":"https:\/\/infralligence.com\/pl\/wp-json\/wp\/v2\/comments?post=1448"}],"version-history":[{"count":364,"href":"https:\/\/infralligence.com\/pl\/wp-json\/wp\/v2\/pages\/1448\/revisions"}],"predecessor-version":[{"id":3037,"href":"https:\/\/infralligence.com\/pl\/wp-json\/wp\/v2\/pages\/1448\/revisions\/3037"}],"wp:featuredmedia":[{"embeddable":true,"href":"https:\/\/infralligence.com\/pl\/wp-json\/wp\/v2\/media\/1965"}],"wp:attachment":[{"href":"https:\/\/infralligence.com\/pl\/wp-json\/wp\/v2\/media?parent=1448"}],"wp:term":[{"taxonomy":"folder","embeddable":true,"href":"https:\/\/infralligence.com\/pl\/wp-json\/wp\/v2\/folder?post=1448"}],"curies":[{"name":"wp","href":"https:\/\/api.w.org\/{rel}","templated":true}]}}